{"id":11106,"date":"2020-03-25T18:23:19","date_gmt":"2020-03-25T18:23:19","guid":{"rendered":"https:\/\/iptvquest.com\/?page_id=11106"},"modified":"2026-02-07T21:27:39","modified_gmt":"2026-02-07T21:27:39","slug":"golden-plan","status":"publish","type":"page","link":"https:\/\/iptvquest.com\/fr\/golden-plan\/","title":{"rendered":"Plan D'or"},"content":{"rendered":"<div class=\"wpb-content-wrapper\"><section class=\"vc_section text-align-center-sm-ms\"><div class=\"vc_row wpb_row vc_row-fluid\"><div class=\"wpb_column vc_column_container vc_col-sm-12 vc_col-md-6\"><div class=\"vc_column-inner\"><div class=\"wpb_wrapper\"><div class=\"heading  default align-left subcolor-main transform-default icon-type-hidden   vc_custom_1583162676926 heading-tag-h2\" id=\"like_sc_header_411910889\"><h2 data-text=\"Live Sport and TV-shows&lt;br \/&gt;with our &lt;span&gt; IptvQuest&lt;\/span&gt;\" class=\"header ltx-sr-id-like_sc_header_4119108891900394021 ltx-sr ltx-sr-effect-fade_in ltx-sr-el-block ltx-sr-delay-0 ltx-sr-duration-1000 ltx-sr-sequences-0\">Sport en direct<br \/>\nwith our <span> IptvQuest<\/span><\/h2><\/div><div class=\"ltx-content-width col-align-left\" id=\"like_sc_content_width_1538249137\" style=\"max-width: 600px\"><div class=\"ltx-wrapper\">\n\t<div class=\"wpb_text_column wpb_content_element\" >\n\t\t<div class=\"wpb_wrapper\">\n\t\t\t<p>Nous travaillons dur pour vous offrir l'abonnement iptv premium le plus propre, voici les cha\u00eenes les plus populaires incluses dans notre abonnement iptvquest + Un support gratuit est \u00e0 votre disposition 24h\/24 et 7j\/7 par e-mail, WhatsApp et messenger.<\/p>\n\n\t\t<\/div>\n\t<\/div>\n<\/div><\/div><div class=\"es-resp\">\t<div class=\"visible-xl\" style=\"height: 50px;\"><\/div>\t<div class=\"hidden-xl hidden-md hidden-sm hidden-ms hidden-xs\" style=\"height: 50px;\"><\/div>\t<div class=\"visible-md\" style=\"height: 50px;\"><\/div>\t<div class=\"visible-sm\" style=\"height: 50px;\"><\/div>\t<div class=\"visible-ms\" style=\"height: 32px;\"><\/div>\t<div class=\"visible-xs\" style=\"height: 32px;\"><\/div><\/div><ul class=\"ltx-block-icon  icons-count-2 align-left ltx-icon-color-main ltx-icon-size-default ltx-header-color-default ltx-icon-type- ltx-bg-color-transparent layout-inline ltx-icon-h-right\"  id=\"like_sc_block_icon_14948527\"><li ><div   class=\"\"><span class=\"ltx-icon ltx-icon-text  bg-transparent\">4K<\/span><div class=\"block-right\"> <h6 class=\"header\"> Ultra HD Quality <\/h6> <\/div><\/div><\/li><li ><div   class=\"\"><span class=\"ltx-icon ltx-icon-text  bg-transparent\">10000+<\/span><div class=\"block-right\"> <h6 class=\"header\"> Cha\u00eenes en ligne <\/h6> <\/div><\/div><\/li><\/ul><div class=\"es-resp\">\t<div class=\"visible-xl\" style=\"height: 72px;\"><\/div>\t<div class=\"hidden-xl hidden-md hidden-sm hidden-ms hidden-xs\" style=\"height: 72px;\"><\/div>\t<div class=\"visible-md\" style=\"height: 32px;\"><\/div>\t<div class=\"visible-sm\" style=\"height: 32px;\"><\/div>\t<div class=\"visible-ms\" style=\"height: 32px;\"><\/div>\t<div class=\"visible-xs\" style=\"height: 32px;\"><\/div><\/div><div class=\"btn-wrap\">\r\n\t<a href=\"\/fr\/iptv-free-trial-account\/\"  class=\"btn  btn-lg btn-main color-hover-default\" id=\"like_sc_button_13237583\">Testez-le maintenant<\/a><\/div><div class=\"es-resp\">\t<div class=\"visible-xl\" style=\"height: 0px;\"><\/div>\t<div class=\"hidden-xl hidden-md hidden-sm hidden-ms hidden-xs\" style=\"height: 0px;\"><\/div>\t<div class=\"visible-md\" style=\"height: 64px;\"><\/div>\t<div class=\"visible-sm\" style=\"height: 64px;\"><\/div>\t<div class=\"visible-ms\" style=\"height: 64px;\"><\/div>\t<div class=\"visible-xs\" style=\"height: 64px;\"><\/div><\/div><\/div><\/div><\/div><div class=\"wpb_column vc_column_container vc_col-sm-12 vc_col-md-6\"><div class=\"vc_column-inner\"><div class=\"wpb_wrapper\">\n\t<div  class=\"wpb_single_image wpb_content_element vc_align_center\">\n\t\t\n\t\t<figure class=\"wpb_wrapper vc_figure\">\n\t\t\t<div class=\"vc_single_image-wrapper vc_box_rounded  vc_box_border_grey\"><img width=\"756\" height=\"505\" src=\"https:\/\/iptvquest.com\/wp-content\/uploads\/2019\/09\/internet-about-bg.jpg\" class=\"vc_single_image-img attachment-full\" alt=\"\" decoding=\"async\" title=\"internet-about-bg\" loading=\"lazy\" srcset=\"https:\/\/iptvquest.com\/wp-content\/uploads\/2019\/09\/internet-about-bg.jpg 756w, https:\/\/iptvquest.com\/wp-content\/uploads\/2019\/09\/internet-about-bg-300x200.jpg 300w, https:\/\/iptvquest.com\/wp-content\/uploads\/2019\/09\/internet-about-bg-360x240.jpg 360w, https:\/\/iptvquest.com\/wp-content\/uploads\/2019\/09\/internet-about-bg-600x401.jpg 600w, https:\/\/iptvquest.com\/wp-content\/uploads\/2019\/09\/internet-about-bg-550x367.jpg 550w\" sizes=\"(max-width: 756px) 100vw, 756px\" \/><\/div>\n\t\t<\/figure>\n\t<\/div>\n\n\t<div  class=\"wpb_single_image wpb_content_element vc_align_left   ltx-internet-live\">\n\t\t\n\t\t<figure class=\"wpb_wrapper vc_figure\">\n\t\t\t<div class=\"vc_single_image-wrapper   vc_box_border_grey\"><img width=\"246\" height=\"269\" src=\"https:\/\/iptvquest.com\/wp-content\/uploads\/2019\/09\/internet-live.png\" class=\"vc_single_image-img attachment-full\" alt=\"\" decoding=\"async\" title=\"internet-live\" loading=\"lazy\" \/><\/div>\n\t\t<\/figure>\n\t<\/div>\n<\/div><\/div><\/div><\/div><div class=\"vc_row wpb_row vc_row-fluid\"><div class=\"wpb_column vc_column_container vc_col-sm-12\"><div class=\"vc_column-inner\"><div class=\"wpb_wrapper\"><div class=\"vc_empty_space\"   style=\"height: 32px\"><span class=\"vc_empty_space_inner\"><\/span><\/div><\/div><\/div><\/div><\/div><\/section><section data-vc-full-width=\"true\" data-vc-full-width-init=\"false\" class=\"vc_section bg-color-gray\"><div class=\"vc_row wpb_row vc_row-fluid\"><div class=\"wpb_column vc_column_container vc_col-sm-12\"><div class=\"vc_column-inner\"><div class=\"wpb_wrapper\"><div class=\"heading  header-subheader align-center subcolor-main transform-default has-subheader theme-icon-second icon-type-hidden heading-tag-h2\" id=\"like_sc_header_113234020\"><h6 class=\"subheader ltx-sr-id-like_sc_header_113234020454691102 ltx-sr ltx-sr-effect-fade_in ltx-sr-el-block ltx-sr-delay-100 ltx-sr-duration-300 ltx-sr-sequences-50\">Le meilleur serveur IPTV et les tarifs<\/h6><h2 data-text=\"Choose your plan\" class=\"header ltx-sr-id-like_sc_header_113234020941718329 ltx-sr ltx-sr-effect-fade_in ltx-sr-el-block ltx-sr-delay-0 ltx-sr-duration-1000 ltx-sr-sequences-0\">Choisissez votre plan<\/h2><\/div><div class=\"ltx-content-width col-align-center\" id=\"like_sc_content_width_115102403\" style=\"max-width: 1000px\"><div class=\"ltx-wrapper\">\n\t<div class=\"wpb_text_column wpb_content_element\" >\n\t\t<div class=\"wpb_wrapper\">\n\t\t\t<p style=\"text-align: center;\"><strong>Choisissez votre forfait et profitez de 10 000 cha\u00eenes de t\u00e9l\u00e9vision en continu et d'environ 12 000 VOD (vid\u00e9o, film, s\u00e9rie et plus\u2026)<\/strong><\/p>\n\n\t\t<\/div>\n\t<\/div>\n<div class=\"vc_empty_space\"   style=\"height: 32px\"><span class=\"vc_empty_space_inner\"><\/span><\/div><\/div><\/div><div class=\"vc_row wpb_row vc_inner vc_row-fluid\"><div class=\"wpb_column vc_column_container vc_col-sm-12 vc_col-lg-3 vc_col-md-6\"><div class=\"vc_column-inner\"><div class=\"wpb_wrapper\"><div data-mh=\"ltx-tariff-item\" class=\"tariff-item item  layout-icon-bg hasIconText\"  id=\"like_sc_tariff_670878648\"><div class=\"ltx-header-wrapper\"><span class=\"icon-text countUp-item\" style=\"background-image: url(https:\/\/iptvquest.com\/wp-content\/uploads\/2019\/09\/tariff-icon-1.png); \"><span class=\"countUp\" id=\"like_sc_tariff_670878648-count\"> 30 <\/span> Jours<\/span><h6 class=\"subheader\"><span> Cha\u00eenes de t\u00e9l\u00e9: <\/span>10,000+<\/h6><h4 class=\"header\">VODs: 10,000+<\/h4><ul class=\"ltx-tariff-icons\"><\/ul><\/div><ul class=\"ltx-tariff-list\"><li>Activation rapide!<\/li><li>Mise \u00e0 jour automatique <\/li><li>M3U &amp; MAG &amp; Enigma<\/li><li>Smart TV &amp; PC<\/li><li>99,9% de disponibilit\u00e9<\/li><li>Essai gratuit<\/li><li>Assistance 24\/7<\/li><li>Un seul appareil<\/li><\/ul><div class=\"price\">$9.95 <span> | month <\/span><\/div><div><a href=\"https:\/\/v-quest.xyz\/cart.php?a=add&#038;pid=22\" class=\"btn btn-lg  btn-main\">Commencer<\/a><\/div><\/div><\/div><\/div><\/div><div class=\"wpb_column vc_column_container vc_col-sm-12 vc_col-lg-3 vc_col-md-6\"><div class=\"vc_column-inner\"><div class=\"wpb_wrapper\"><div data-mh=\"ltx-tariff-item\" class=\"tariff-item item  layout-icon-bg hasIconText\"  id=\"like_sc_tariff_2044885823\"><div class=\"ltx-header-wrapper\"><span class=\"icon-text countUp-item\" style=\"background-image: url(https:\/\/iptvquest.com\/wp-content\/uploads\/2019\/09\/tariff-icon-2.png); \"><span class=\"countUp\" id=\"like_sc_tariff_2044885823-count\"> 90 <\/span> Jours<\/span><h6 class=\"subheader\"><span> Cha\u00eenes de t\u00e9l\u00e9: <\/span> 10,000+<\/h6><h4 class=\"header\"><span> VODs: <\/span> 10,000+<\/h4><ul class=\"ltx-tariff-icons\"><\/ul><\/div><ul class=\"ltx-tariff-list\"><li>Activation rapide!<\/li><li>Mise \u00e0 jour automatique <\/li><li>M3U &amp; MAG &amp; Enigma<\/li><li>Smart TV &amp; PC<\/li><li>99,9% de disponibilit\u00e9<\/li><li>Essai gratuit<\/li><li>Assistance 24\/7<\/li><li>Un seul appareil<\/li><\/ul><div class=\"price\">$19.95 <span> | 3 months <\/span><\/div><div><a href=\"https:\/\/v-quest.xyz\/cart.php?a=add&#038;pid=59\" class=\"btn btn-lg  btn-main\">Commencer<\/a><\/div><\/div><\/div><\/div><\/div><div class=\"wpb_column vc_column_container vc_col-sm-12 vc_col-lg-3 vc_col-md-6\"><div class=\"vc_column-inner\"><div class=\"wpb_wrapper\"><div data-mh=\"ltx-tariff-item\" class=\"tariff-item item  layout-icon-bg hasIconText\"  id=\"like_sc_tariff_1720804378\"><div class=\"ltx-header-wrapper\"><span class=\"icon-text countUp-item\" style=\"background-image: url(https:\/\/iptvquest.com\/wp-content\/uploads\/2019\/09\/tariff-icon-3.png); \"><span class=\"countUp\" id=\"like_sc_tariff_1720804378-count\"> 180 <\/span> Jours<\/span><h6 class=\"subheader\"><span> Cha\u00eenes de t\u00e9l\u00e9: <\/span> 10,000+<\/h6><h4 class=\"header\"><span> VODs: <\/span> 10,000+<\/h4><ul class=\"ltx-tariff-icons\"><\/ul><\/div><ul class=\"ltx-tariff-list\"><li>Activation rapide!<\/li><li>Mise \u00e0 jour automatique <\/li><li>M3U &amp; MAG &amp; Enigma<\/li><li>Smart TV &amp; PC<\/li><li>99,9% de disponibilit\u00e9<\/li><li>Essai gratuit<\/li><li>Assistance 24\/7<\/li><li>Un seul appareil<\/li><\/ul><div class=\"price\">$29.95 <span> | 6 Mois <\/span><\/div><div><a href=\"https:\/\/v-quest.xyz\/cart.php?a=add&#038;pid=18\" class=\"btn btn-lg  btn-main\">Commencer<\/a><\/div><\/div><\/div><\/div><\/div><div class=\"wpb_column vc_column_container vc_col-sm-12 vc_col-lg-3 vc_col-md-6\"><div class=\"vc_column-inner\"><div class=\"wpb_wrapper\"><div data-mh=\"ltx-tariff-item\" class=\"tariff-item item  layout-icon-bg vip hasIconText\"  id=\"like_sc_tariff_1959735953\"><div class=\"ltx-header-wrapper\"><span class=\"label-vip\">Popular<span class=\"ltx-triangle\"><\/span><\/span><span class=\"icon-text countUp-item\" style=\"background-image: url(https:\/\/iptvquest.com\/wp-content\/uploads\/2019\/09\/tariff-icon-4.png); \"><span class=\"countUp\" id=\"like_sc_tariff_1959735953-count\"> 365 <\/span> Jours<\/span><h6 class=\"subheader\"><span> Cha\u00eenes de t\u00e9l\u00e9: <\/span> 10,000<\/h6><h4 class=\"header\"><span> VODs: <\/span> 10,000<\/h4><ul class=\"ltx-tariff-icons\"><\/ul><\/div><ul class=\"ltx-tariff-list\"><li>Activation rapide!<\/li><li>Mise \u00e0 jour automatique <\/li><li>M3U &amp; MAG &amp; Enigma<\/li><li>Smart TV &amp; PC<\/li><li>99,9% de disponibilit\u00e9<\/li><li>Essai gratuit<\/li><li>Assistance 24\/7<\/li><li>Un seul appareil<\/li><\/ul><div class=\"price\">$44.95 <span> | 12 Mois <\/span><\/div><div><a href=\"https:\/\/v-quest.xyz\/cart.php?a=add&#038;pid=4\" class=\"btn btn-lg  btn-main\">Commencer<\/a><\/div><\/div><\/div><\/div><\/div><\/div><div class=\"vc_row wpb_row vc_inner vc_row-fluid\"><div class=\"wpb_column vc_column_container vc_col-sm-12\"><div class=\"vc_column-inner\"><div class=\"wpb_wrapper\"><div class=\"es-resp\">\t<div class=\"visible-xl\" style=\"height: 64px;\"><\/div>\t<div class=\"hidden-xl hidden-md hidden-sm hidden-ms hidden-xs\" style=\"height: 64px;\"><\/div>\t<div class=\"visible-md\" style=\"height: 64px;\"><\/div>\t<div class=\"visible-sm\" style=\"height: 64px;\"><\/div>\t<div class=\"visible-ms\" style=\"height: 64px;\"><\/div>\t<div class=\"visible-xs\" style=\"height: 64px;\"><\/div><\/div><\/div><\/div><\/div><\/div><\/div><\/div><\/div><\/div><\/section><div class=\"vc_row-full-width vc_clearfix\"><\/div><section class=\"vc_section\"><div class=\"vc_row wpb_row vc_row-fluid text-align-center-md-sm-ms\"><div class=\"wpb_column vc_column_container vc_col-sm-12 vc_col-lg-4 vc_col-md-6\"><div class=\"vc_column-inner\"><div class=\"wpb_wrapper\"><div class=\"es-resp\">\t<div class=\"visible-xl\" style=\"height: 48px;\"><\/div>\t<div class=\"hidden-xl hidden-md hidden-sm hidden-ms hidden-xs\" style=\"height: 48px;\"><\/div>\t<div class=\"visible-md\" style=\"height: 48px;\"><\/div>\t<div class=\"visible-sm\" style=\"height: 48px;\"><\/div>\t<div class=\"visible-ms\" style=\"height: 32px;\"><\/div>\t<div class=\"visible-xs\" style=\"height: 32px;\"><\/div><\/div><ul class=\"ltx-block-icon  icons-count-3 align-center ltx-icon-color-main ltx-icon-size-xl ltx-header-color-default ltx-icon-type- ltx-bg-color-transparent layout-cols1 ltx-icon-top\"  id=\"like_sc_block_icon_298776794\"><li ><div   class=\"in\"><span class=\"ltx-icon icon-speedometer bg-transparent\"><\/span> <h6 class=\"header\"> Connexion ultra-rapide <\/h6> <\/div><\/li><li ><div   class=\"in\"><span class=\"ltx-icon icon-television bg-transparent\"><\/span> <h6 class=\"header\"> +10000 cha\u00eenes mondiales <\/h6> <\/div><\/li><li ><div   class=\"in\"><span class=\"ltx-icon icon-money bg-transparent\"><\/span> <h6 class=\"header\"> Plans tarifaires flexibles <\/h6> <\/div><\/li><\/ul><\/div><\/div><\/div><div class=\"wpb_column vc_column_container vc_col-sm-12 vc_col-lg-4 vc_hidden-md vc_hidden-sm vc_hidden-xs\"><div class=\"vc_column-inner\"><div class=\"wpb_wrapper\">\n\t<div  class=\"wpb_single_image wpb_content_element vc_align_center\">\n\t\t\n\t\t<figure class=\"wpb_wrapper vc_figure\">\n\t\t\t<div class=\"vc_single_image-wrapper   vc_box_border_grey\"><img width=\"540\" height=\"566\" src=\"https:\/\/iptvquest.com\/wp-content\/uploads\/2019\/09\/internet-icons-bg.jpg\" class=\"vc_single_image-img attachment-full\" alt=\"\" decoding=\"async\" title=\"internet-icons-bg\" loading=\"lazy\" srcset=\"https:\/\/iptvquest.com\/wp-content\/uploads\/2019\/09\/internet-icons-bg.jpg 540w, https:\/\/iptvquest.com\/wp-content\/uploads\/2019\/09\/internet-icons-bg-286x300.jpg 286w, https:\/\/iptvquest.com\/wp-content\/uploads\/2019\/09\/internet-icons-bg-360x377.jpg 360w, https:\/\/iptvquest.com\/wp-content\/uploads\/2019\/09\/internet-icons-bg-24x24.jpg 24w, https:\/\/iptvquest.com\/wp-content\/uploads\/2019\/09\/internet-icons-bg-525x550.jpg 525w\" sizes=\"(max-width: 540px) 100vw, 540px\" \/><\/div>\n\t\t<\/figure>\n\t<\/div>\n<\/div><\/div><\/div><div class=\"wpb_column vc_column_container vc_col-sm-12 vc_col-lg-4 vc_col-md-6\"><div class=\"vc_column-inner\"><div class=\"wpb_wrapper\"><div class=\"es-resp\">\t<div class=\"visible-xl\" style=\"height: 48px;\"><\/div>\t<div class=\"hidden-xl hidden-md hidden-sm hidden-ms hidden-xs\" style=\"height: 48px;\"><\/div>\t<div class=\"visible-md\" style=\"height: 48px;\"><\/div>\t<div class=\"visible-sm\" style=\"height: 54px;\"><\/div>\t<div class=\"visible-ms\" style=\"height: 54px;\"><\/div>\t<div class=\"visible-xs\" style=\"height: 54px;\"><\/div><\/div><ul class=\"ltx-block-icon  icons-count-3 align-right ltx-icon-color-main ltx-icon-size-xl ltx-header-color-default ltx-icon-type- ltx-bg-color-transparent layout-cols1 ltx-icon-top\"  id=\"like_sc_block_icon_1132246532\"><li ><div   class=\"in\"><span class=\"ltx-icon icon-wifi bg-transparent\"><\/span> <h6 class=\"header\"> Installation gratuite <\/h6> <\/div><\/li><li ><div   class=\"in\"><span class=\"ltx-icon icon-support bg-transparent\"><\/span> <h6 class=\"header\"> Support rapide 24\/7 <\/h6> <\/div><\/li><li ><div   class=\"in\"><span class=\"ltx-icon icon-4k bg-transparent\"><\/span> <h6 class=\"header\"> Qualit\u00e9 HD, UHD et 4K <\/h6> <\/div><\/li><\/ul><\/div><\/div><\/div><\/div><\/section><div class=\"vc_row wpb_row vc_row-fluid\"><div class=\"wpb_column vc_column_container vc_col-sm-12 vc_col-has-fill\"><div class=\"vc_column-inner vc_custom_1583182687873\"><div class=\"wpb_wrapper\"><div class=\"vc_empty_space\"   style=\"height: 32px\"><span class=\"vc_empty_space_inner\"><\/span><\/div><div class=\"heading  header-subheader align-center subcolor-main transform-default theme-icon-second icon-type-hidden heading-tag-h2\" id=\"like_sc_header_1509545682\"><h2 data-text=\"&lt;span&gt;A&lt;\/span&gt;vailable &lt;span&gt;P&lt;\/span&gt;ayment &lt;span&gt;M&lt;\/span&gt;ethods\" class=\"header ltx-sr-id-like_sc_header_15095456821886732678 ltx-sr ltx-sr-effect-fade_in ltx-sr-el-block ltx-sr-delay-0 ltx-sr-duration-1000 ltx-sr-sequences-0 ltx-check-scroll ltx-glitch done\"><span>M<\/span>\u00e9thodes de <span>P<\/span>aiement <span>D<\/span>isponibles<\/h2><\/div><div class=\"es-resp\">\t<div class=\"visible-xl\" style=\"height: 64px;\"><\/div>\t<div class=\"hidden-xl hidden-md hidden-sm hidden-ms hidden-xs\" style=\"height: 64px;\"><\/div>\t<div class=\"visible-md\" style=\"height: 64px;\"><\/div>\t<div class=\"visible-sm\" style=\"height: 64px;\"><\/div>\t<div class=\"visible-ms\" style=\"height: 64px;\"><\/div>\t<div class=\"visible-xs\" style=\"height: 64px;\"><\/div><\/div><\/div><\/div><\/div><\/div><div class=\"vc_row wpb_row vc_row-fluid\"><div class=\"wpb_column vc_column_container vc_col-sm-12\"><div class=\"vc_column-inner\"><div class=\"wpb_wrapper\"><div class=\"ltx-partners ltx-hover-logos  layout-h2 ltx-logos-6\" id=\"like_sc_header_1021580846\"><div class=\"row centered\">\r\n\t\t\t\t<div class=\"col-md-2  col-ms-6 col-xs-6 col-sm-4  partners-wrap  center-flex\">\r\n\t\t\t\t\t<div class=\"partners-item item center-flex\"><div class=\"photo\"><img src=\"https:\/\/iptvquest.com\/wp-content\/uploads\/2020\/03\/054-paypal.png\" class=\"image\" alt=\".\"><\/div><\/div>\r\n\t\t\t\t<\/div>\r\n\t\t\t\t<div class=\"col-md-2  col-ms-6 col-xs-6 col-sm-4  partners-wrap  center-flex\">\r\n\t\t\t\t\t<div class=\"partners-item item center-flex\"><div class=\"photo\"><img src=\"https:\/\/iptvquest.com\/wp-content\/uploads\/2020\/03\/032-visa.png\" class=\"image\" alt=\".\"><\/div><\/div>\r\n\t\t\t\t<\/div>\r\n\t\t\t\t<div class=\"col-md-2  col-ms-6 col-xs-6 col-sm-4  partners-wrap  center-flex\">\r\n\t\t\t\t\t<div class=\"partners-item item center-flex\"><div class=\"photo\"><img src=\"https:\/\/iptvquest.com\/wp-content\/uploads\/2020\/03\/075-mastercard.png\" class=\"image\" alt=\".\"><\/div><\/div>\r\n\t\t\t\t<\/div>\r\n\t\t\t\t<div class=\"col-md-2  col-ms-6 col-xs-6 col-sm-4  partners-wrap  center-flex\">\r\n\t\t\t\t\t<div class=\"partners-item item center-flex\"><div class=\"photo\"><img src=\"https:\/\/iptvquest.com\/wp-content\/uploads\/2020\/03\/002-bitcoin-1.png\" class=\"image\" alt=\".\"><\/div><\/div>\r\n\t\t\t\t<\/div>\r\n\t\t\t\t<div class=\"col-md-2  col-ms-6 col-xs-6 col-sm-4  partners-wrap  center-flex\">\r\n\t\t\t\t\t<div class=\"partners-item item center-flex\"><div class=\"photo\"><img src=\"https:\/\/iptvquest.com\/wp-content\/uploads\/2020\/03\/020-web-money.png\" class=\"image\" alt=\".\"><\/div><\/div>\r\n\t\t\t\t<\/div>\r\n\t\t\t\t<div class=\"col-md-2  col-ms-6 col-xs-6 col-sm-4  partners-wrap  center-flex\">\r\n\t\t\t\t\t<div class=\"partners-item item center-flex\"><div class=\"photo\"><img src=\"https:\/\/iptvquest.com\/wp-content\/uploads\/2020\/03\/060-western-union.png\" class=\"image\" alt=\".\"><\/div><\/div>\r\n\t\t\t\t<\/div><\/div><\/div><\/div><\/div><\/div><\/div>\n<\/div>","protected":false},"excerpt":{"rendered":"Live Sport and TV-shows with our IptvQuest We work hard to give you the most clean premium iptv subscription, Here are the most popular channels included in our iptvquest subscription + Free support is at your disposal 24h \/ 7d by Email, whatsapp and messenger. 4K Ultra HD Quality 10000+ Online Channels Test it Now The Best IPTV Server and TariffsChoose your plan Choose your plan and enjoy of 10,000 stream TV channels and about 10,000 to 24,000 VODs (Video, Movie, Series and More \u2026) 30 Days TV channels: 10,000+VODs: 10,000+Quick Activation!Auto update M3U &amp; MAG &amp; EnigmaSmart TV &amp; PCAlways Uptime ServerFree Trial Account24\/7 supportOnly 1 Device$9.95 | month Get started 90 Days TV channels: 10,000+ VODs: 10,000+Quick Activation!Auto update M3U &amp; MAG &amp; EnigmaSmart TV &amp; PCAlways Uptime ServerFree Trial Account24\/7 supportOnly 1 Device$19.95 | 3 months Get started 180 days TV channels: 10,000+ VODs: 10,000+Quick Activation!Auto update [...]","protected":false},"author":1,"featured_media":0,"parent":0,"menu_order":0,"comment_status":"closed","ping_status":"closed","template":"page-templates\/full-width.php","meta":{"footnotes":""},"_links":{"self":[{"href":"https:\/\/iptvquest.com\/fr\/wp-json\/wp\/v2\/pages\/11106"}],"collection":[{"href":"https:\/\/iptvquest.com\/fr\/wp-json\/wp\/v2\/pages"}],"about":[{"href":"https:\/\/iptvquest.com\/fr\/wp-json\/wp\/v2\/types\/page"}],"author":[{"embeddable":true,"href":"https:\/\/iptvquest.com\/fr\/wp-json\/wp\/v2\/users\/1"}],"replies":[{"embeddable":true,"href":"https:\/\/iptvquest.com\/fr\/wp-json\/wp\/v2\/comments?post=11106"}],"version-history":[{"count":26,"href":"https:\/\/iptvquest.com\/fr\/wp-json\/wp\/v2\/pages\/11106\/revisions"}],"predecessor-version":[{"id":11989,"href":"https:\/\/iptvquest.com\/fr\/wp-json\/wp\/v2\/pages\/11106\/revisions\/11989"}],"wp:attachment":[{"href":"https:\/\/iptvquest.com\/fr\/wp-json\/wp\/v2\/media?parent=11106"}],"curies":[{"name":"wp","href":"https:\/\/api.w.org\/{rel}","templated":true}]}}